
{"id":29,"date":"2014-08-03T15:30:20","date_gmt":"2014-08-03T13:30:20","guid":{"rendered":"http:\/\/www.novis-bochum.de\/Novis\/wordpress\/?page_id=29"},"modified":"2014-08-04T20:42:27","modified_gmt":"2014-08-04T18:42:27","slug":"bestattungskosten","status":"publish","type":"page","link":"http:\/\/www.novis-bochum.de\/Novis\/wordpress\/?page_id=29","title":{"rendered":"Bestattungskosten"},"content":{"rendered":"<p>Die Bestattungskosten variieren stark, sie setzen sich jedoch immer aus mehreren Positionen zusammen und lassen sich nur nach einem pers\u00f6nlichen Gespr\u00e4ch ermitteln. Wir unterscheiden die Eigenleistungen des Bestatters (Beratung, Versorgung des Verstorbenen, \u00dcberf\u00fchrung etc.) und die Fremdleistungen (Steinmetz, Florist, Friedhofsgeb\u00fchren etc.). Wir erm\u00f6glichen jedem Menschen, der zu uns kommt, eine w\u00fcrdevolle Bestattung \u2013 unabh\u00e4ngig von der H\u00f6he des Budgets. Wir erstellen Ihnen auf Wunsch eine unverbindliche, auf Sie zugeschnittene, Kostenaufstellung.<\/p>\n","protected":false},"excerpt":{"rendered":"<p>Die Bestattungskosten variieren stark, sie setzen sich jedoch immer aus mehreren Positionen zusammen und lassen sich nur nach einem pers\u00f6nlichen Gespr\u00e4ch ermitteln. Wir unterscheiden die Eigenleistungen des Bestatters (Beratung, Versorgung des Verstorbenen, \u00dcberf\u00fchrung etc.) und die Fremdleistungen (Steinmetz, Florist, Friedhofsgeb\u00fchren etc.). Wir erm\u00f6glichen jedem Menschen, der zu uns kommt, eine \u2026<\/p>\n<p class=\"continue-reading-button\"> <a class=\"continue-reading-link\" href=\"http:\/\/www.novis-bochum.de\/Novis\/wordpress\/?page_id=29\">mehr&#8230;<i class=\"crycon-right-dir\"><\/i><\/a><\/p>\n","protected":false},"author":1,"featured_media":0,"parent":0,"menu_order":0,"comment_status":"closed","ping_status":"closed","template":"","meta":{"footnotes":""},"_links":{"self":[{"href":"http:\/\/www.novis-bochum.de\/Novis\/wordpress\/index.php?rest_route=\/wp\/v2\/pages\/29"}],"collection":[{"href":"http:\/\/www.novis-bochum.de\/Novis\/wordpress\/index.php?rest_route=\/wp\/v2\/pages"}],"about":[{"href":"http:\/\/www.novis-bochum.de\/Novis\/wordpress\/index.php?rest_route=\/wp\/v2\/types\/page"}],"author":[{"embeddable":true,"href":"http:\/\/www.novis-bochum.de\/Novis\/wordpress\/index.php?rest_route=\/wp\/v2\/users\/1"}],"replies":[{"embeddable":true,"href":"http:\/\/www.novis-bochum.de\/Novis\/wordpress\/index.php?rest_route=%2Fwp%2Fv2%2Fcomments&post=29"}],"version-history":[{"count":4,"href":"http:\/\/www.novis-bochum.de\/Novis\/wordpress\/index.php?rest_route=\/wp\/v2\/pages\/29\/revisions"}],"predecessor-version":[{"id":94,"href":"http:\/\/www.novis-bochum.de\/Novis\/wordpress\/index.php?rest_route=\/wp\/v2\/pages\/29\/revisions\/94"}],"wp:attachment":[{"href":"http:\/\/www.novis-bochum.de\/Novis\/wordpress\/index.php?rest_route=%2Fwp%2Fv2%2Fmedia&parent=29"}],"curies":[{"name":"wp","href":"https:\/\/api.w.org\/{rel}","templated":true}]}}