
{"id":190,"date":"2014-08-19T20:18:49","date_gmt":"2014-08-19T18:18:49","guid":{"rendered":"http:\/\/www.novis-bochum.de\/Novis\/wordpress\/?page_id=190"},"modified":"2014-08-19T20:18:49","modified_gmt":"2014-08-19T18:18:49","slug":"seebestattung","status":"publish","type":"page","link":"http:\/\/www.novis-bochum.de\/Novis\/wordpress\/?page_id=190","title":{"rendered":"Seebestattung"},"content":{"rendered":"<h2>Die Seebestattung<\/h2>\n<p>Auch im Falle einer Seebestattung wird die Asche des Verstorbenen zun\u00e4chst in eine Urne gef\u00fcllt. In Anwesenheit der Trauerg\u00e4ste wird diese wasserl\u00f6sliche Urne auf hoher See von einem Schiff aus dem Meer \u00fcbergeben.<\/p>\n","protected":false},"excerpt":{"rendered":"<p>Die Seebestattung Auch im Falle einer Seebestattung wird die Asche des Verstorbenen zun\u00e4chst in eine Urne gef\u00fcllt. In Anwesenheit der Trauerg\u00e4ste wird diese wasserl\u00f6sliche Urne auf hoher See von einem Schiff aus dem Meer \u00fcbergeben.<\/p>\n<p class=\"continue-reading-button\"> <a class=\"continue-reading-link\" href=\"http:\/\/www.novis-bochum.de\/Novis\/wordpress\/?page_id=190\">mehr&#8230;<i class=\"crycon-right-dir\"><\/i><\/a><\/p>\n","protected":false},"author":1,"featured_media":0,"parent":27,"menu_order":0,"comment_status":"closed","ping_status":"closed","template":"","meta":{"footnotes":""},"_links":{"self":[{"href":"http:\/\/www.novis-bochum.de\/Novis\/wordpress\/index.php?rest_route=\/wp\/v2\/pages\/190"}],"collection":[{"href":"http:\/\/www.novis-bochum.de\/Novis\/wordpress\/index.php?rest_route=\/wp\/v2\/pages"}],"about":[{"href":"http:\/\/www.novis-bochum.de\/Novis\/wordpress\/index.php?rest_route=\/wp\/v2\/types\/page"}],"author":[{"embeddable":true,"href":"http:\/\/www.novis-bochum.de\/Novis\/wordpress\/index.php?rest_route=\/wp\/v2\/users\/1"}],"replies":[{"embeddable":true,"href":"http:\/\/www.novis-bochum.de\/Novis\/wordpress\/index.php?rest_route=%2Fwp%2Fv2%2Fcomments&post=190"}],"version-history":[{"count":1,"href":"http:\/\/www.novis-bochum.de\/Novis\/wordpress\/index.php?rest_route=\/wp\/v2\/pages\/190\/revisions"}],"predecessor-version":[{"id":191,"href":"http:\/\/www.novis-bochum.de\/Novis\/wordpress\/index.php?rest_route=\/wp\/v2\/pages\/190\/revisions\/191"}],"up":[{"embeddable":true,"href":"http:\/\/www.novis-bochum.de\/Novis\/wordpress\/index.php?rest_route=\/wp\/v2\/pages\/27"}],"wp:attachment":[{"href":"http:\/\/www.novis-bochum.de\/Novis\/wordpress\/index.php?rest_route=%2Fwp%2Fv2%2Fmedia&parent=190"}],"curies":[{"name":"wp","href":"https:\/\/api.w.org\/{rel}","templated":true}]}}