
{"id":181,"date":"2014-08-19T20:12:51","date_gmt":"2014-08-19T18:12:51","guid":{"rendered":"http:\/\/www.novis-bochum.de\/Novis\/wordpress\/?page_id=181"},"modified":"2014-08-19T20:17:54","modified_gmt":"2014-08-19T18:17:54","slug":"erdbestattung","status":"publish","type":"page","link":"http:\/\/www.novis-bochum.de\/Novis\/wordpress\/?page_id=181","title":{"rendered":"Erdbestattung"},"content":{"rendered":"<p>Die Erdbestattung<\/p>\n<p>Wie die Zeremonie einer Bestattung, so geh\u00f6rt auch die Bestattungsform zur Individualit\u00e4t des Verstorbenen. Zur Auswahl stehen verschiedene Varianten der Erd- und der Feuerbestattung. Je nach Friedhof und Leistung fallen nat\u00fcrlich unterschiedlich hohe Kosten an. Die folgende Liste gibt einen \u00dcberblick \u00fcber die Grabarten.<\/p>\n<p><strong>\u2022 \u00a0 Wahlgrab (Erd,-Feuerbestattung)<\/strong><\/p>\n<p>Schon zu Lebzeiten den Friedhof und den Platz des Grabes ausw\u00e4hlen \u2013 das ist m\u00f6glich, wenn man sich f\u00fcr ein Wahlgrab entscheidet. Das Nutzungsrecht an diesem Grab kann immer wieder verl\u00e4ngert werden, beispielsweise im Zuge einer weiteren Beisetzung.<\/p>\n<p><strong>\u2022 \u00a0 Reihengrab (Erd,-Feuerbestattung)<\/strong><\/p>\n<p>In Reihen platzierte Gr\u00e4ber werden in chronologischer Folge belegt: Die Reihe wird mit jedem verstorbenen Individuum fortgef\u00fchrt. Die Grabstellen sind also f\u00fcr nur eine Bestattung ausgelegt. Familienangeh\u00f6rige m\u00fcssen sp\u00e4ter an einem separaten Platz bestattet werden.<\/p>\n<p>\u2022 \u00a0 <span style=\"font-weight: bold;\">Rasengrab (Erd,-Feuerbestattung)<\/span><\/p>\n<p>Auf einem Rasengrab ist in der Regel ein Grabstein platziert, vorgeschrieben ist das jedoch nicht. F\u00fcr Pflege des Rasens ist der Tr\u00e4ger der Grabstelle verantwortlich.<\/p>\n","protected":false},"excerpt":{"rendered":"<p>Die Erdbestattung Wie die Zeremonie einer Bestattung, so geh\u00f6rt auch die Bestattungsform zur Individualit\u00e4t des Verstorbenen. Zur Auswahl stehen verschiedene Varianten der Erd- und der Feuerbestattung. Je nach Friedhof und Leistung fallen nat\u00fcrlich unterschiedlich hohe Kosten an. Die folgende Liste gibt einen \u00dcberblick \u00fcber die Grabarten. \u2022 \u00a0 Wahlgrab (Erd,-Feuerbestattung) \u2026<\/p>\n<p class=\"continue-reading-button\"> <a class=\"continue-reading-link\" href=\"http:\/\/www.novis-bochum.de\/Novis\/wordpress\/?page_id=181\">mehr&#8230;<i class=\"crycon-right-dir\"><\/i><\/a><\/p>\n","protected":false},"author":1,"featured_media":0,"parent":27,"menu_order":0,"comment_status":"closed","ping_status":"closed","template":"","meta":{"footnotes":""},"_links":{"self":[{"href":"http:\/\/www.novis-bochum.de\/Novis\/wordpress\/index.php?rest_route=\/wp\/v2\/pages\/181"}],"collection":[{"href":"http:\/\/www.novis-bochum.de\/Novis\/wordpress\/index.php?rest_route=\/wp\/v2\/pages"}],"about":[{"href":"http:\/\/www.novis-bochum.de\/Novis\/wordpress\/index.php?rest_route=\/wp\/v2\/types\/page"}],"author":[{"embeddable":true,"href":"http:\/\/www.novis-bochum.de\/Novis\/wordpress\/index.php?rest_route=\/wp\/v2\/users\/1"}],"replies":[{"embeddable":true,"href":"http:\/\/www.novis-bochum.de\/Novis\/wordpress\/index.php?rest_route=%2Fwp%2Fv2%2Fcomments&post=181"}],"version-history":[{"count":4,"href":"http:\/\/www.novis-bochum.de\/Novis\/wordpress\/index.php?rest_route=\/wp\/v2\/pages\/181\/revisions"}],"predecessor-version":[{"id":189,"href":"http:\/\/www.novis-bochum.de\/Novis\/wordpress\/index.php?rest_route=\/wp\/v2\/pages\/181\/revisions\/189"}],"up":[{"embeddable":true,"href":"http:\/\/www.novis-bochum.de\/Novis\/wordpress\/index.php?rest_route=\/wp\/v2\/pages\/27"}],"wp:attachment":[{"href":"http:\/\/www.novis-bochum.de\/Novis\/wordpress\/index.php?rest_route=%2Fwp%2Fv2%2Fmedia&parent=181"}],"curies":[{"name":"wp","href":"https:\/\/api.w.org\/{rel}","templated":true}]}}